{"id":73816,"date":"2015-06-01T09:03:16","date_gmt":"2015-06-01T09:03:16","guid":{"rendered":"http:\/\/structure.thememove.com\/demo\/?page_id=73816"},"modified":"2019-04-15T13:44:32","modified_gmt":"2019-04-15T13:44:32","slug":"company","status":"publish","type":"page","link":"https:\/\/pereirabertozzi.com.br\/site\/company\/","title":{"rendered":"EMPRESA"},"content":{"rendered":"<p><div  class=\"vc_row wpb_row  vc_custom_1432547512827  \" style=\"\"><div class=\" boxed\"><div class=\"container\"><div class=\"row\"><div class=\"wpb_column vc_column_container col-sm-12 col-lg-12\"><div class=\"wpb_wrapper\"><div class=\"vc_row wpb_row vc_inner vc_custom_1432890457618\"><div class=\"wpb_column vc_column_container col-sm-12 col-lg-12\"><div class=\"wpb_wrapper\">\n\t<div class=\"wpb_text_column wpb_content_element \">\n\t\t<div class=\"wpb_wrapper\">\n\t\t\t<p><img loading=\"lazy\" class=\"alignnone wp-image-74597 size-full\" src=\"http:\/\/pereirabertozzi.com.br\/site\/wp-content\/uploads\/2016\/09\/pereira-bertozzi.png\" alt=\"empresa\" width=\"435\" height=\"70\" srcset=\"https:\/\/pereirabertozzi.com.br\/site\/wp-content\/uploads\/2016\/09\/pereira-bertozzi.png 435w, https:\/\/pereirabertozzi.com.br\/site\/wp-content\/uploads\/2016\/09\/pereira-bertozzi-300x48.png 300w\" sizes=\"(max-width: 435px) 100vw, 435px\" \/><\/p>\n<p>Desde de 1991, a empresa presta servi\u00e7os de Propriedade Intelectual Internacional com dedica\u00e7\u00e3o, seriedade e experi\u00eancia. A Pereira Bertozzi \u00e9 dirigida por engenheiros e advogados que buscam ser a refer\u00eancia nacional na presta\u00e7\u00e3o de servi\u00e7os t\u00e9cnicos administrativos internacionais.<\/p>\n<p>Somos uma empresa especializada no registro de Marcas e Patentes no exterior. Possu\u00edmos rela\u00e7\u00f5es com agentes de Propriedade Intelectual em mais de 60 pa\u00edses, seja este parte do PCT (Patent Cooperation Treaty) ou em cada pa\u00eds individualmente.<\/p>\n<p>Pereira Bertozzi tamb\u00e9m auxilia as empresas e inventores a transformar as patentes em realidade conectando essas pessoas com potenciais investidores.<\/p>\n<p>A empresa atua tamb\u00e9m na legaliza\u00e7\u00e3o de alimentos, farmac\u00eauticos e produtos relacionados perante as ag\u00eancias reguladoras internacionais em quest\u00f5es sanit\u00e1rias (por exemplo FDA). <\/p>\n\n\t\t<\/div> \n\t<\/div> <\/div><\/div><\/div><div class=\"vc_row wpb_row vc_inner vc_custom_1432890477752\"><div class=\"wpb_column vc_column_container col-sm-4 col-lg-4\"><div class=\"wpb_wrapper\"><div class=\"vc_custom_heading heading-title-3\" ><h2 style=\"font-size: 20px;text-align: left\" >MISS\u00c3O<\/h2><\/div>\n\t<div class=\"wpb_text_column wpb_content_element \">\n\t\t<div class=\"wpb_wrapper\">\n\t\t\t<p>Obter sucesso no registro de Marcas, Patentes, Desenhos Industriais, Softwares, Direitos Autorais junto aos \u00f3rg\u00e3os oficiais e defender os direitos obtidos perante terceiros.<\/p>\n\n\t\t<\/div> \n\t<\/div> <\/div><\/div><div class=\"wpb_column vc_column_container col-sm-4 col-lg-4\"><div class=\"wpb_wrapper\"><div class=\"vc_custom_heading heading-title-3\" ><h2 style=\"font-size: 20px;text-align: left\" >SERVI\u00c7OS<\/h2><\/div>\n\t<div class=\"wpb_text_column wpb_content_element \">\n\t\t<div class=\"wpb_wrapper\">\n\t\t\t<ul class=\"listing\">\n<li style=\"text-align: left;\"><i class=\"fa fa-check\"><\/i> Registro de Propriedade Intelectual no Exterior;<\/li>\n<li style=\"text-align: left;\"><i class=\"fa fa-check\"><\/i> Regulariza\u00e7\u00e3o Sanit\u00e1ria de alimentos e farmac\u00eauticos no Exterior;<\/li>\n<li style=\"text-align: left;\"><i class=\"fa fa-check\"><\/i> Intermedia\u00e7\u00e3o de Neg\u00f3cios de Patentes (B2P);<\/li>\n<li style=\"text-align: left;\"><i class=\"fa fa-check\"><\/i> Contratos de Propriedade Intelectual &#8211; Licenciamento e Direitos no exterior.<\/li>\n<\/ul>\n\n\t\t<\/div> \n\t<\/div> <\/div><\/div><div class=\"wpb_column vc_column_container col-sm-4 col-lg-4\"><div class=\"wpb_wrapper\"><div class=\"vc_custom_heading heading-title-3\" ><h2 style=\"font-size: 20px;text-align: left\" >ENDERE\u00c7OS<\/h2><\/div>\n\t<div class=\"wpb_text_column wpb_content_element \">\n\t\t<div class=\"wpb_wrapper\">\n\t\t\t<p><img loading=\"lazy\" class=\"alignnone size-full wp-image-74871\" src=\"http:\/\/acriativa.com.br\/pereirabertozzi\/site\/wp-content\/uploads\/2015\/06\/mapa-pb-1.jpg\" alt=\"mapa-pb\" width=\"500\" height=\"600\" srcset=\"https:\/\/pereirabertozzi.com.br\/site\/wp-content\/uploads\/2015\/06\/mapa-pb-1.jpg 500w, https:\/\/pereirabertozzi.com.br\/site\/wp-content\/uploads\/2015\/06\/mapa-pb-1-250x300.jpg 250w\" sizes=\"(max-width: 500px) 100vw, 500px\" \/><\/p>\n\n\t\t<\/div> \n\t<\/div> <\/div><\/div><br \/>\n<\/div><\/div><\/div><\/div><\/div><\/div><\/div><div  class=\"vc_row wpb_row  intro4 align-center vc_custom_1432632676284  \" style=\"\"><div class=\" boxed\"><div class=\"container\"><div class=\"row\"><div class=\"wpb_column vc_column_container col-sm-8 col-lg-8\"><div class=\"wpb_wrapper\"><div class=\"vc_custom_heading\" ><h3 style=\"font-size: 22px;color: #ffffff;text-align: left\" >PROPRIEDADE INTELECTUAL INTERNACIONAL<\/h3><\/div><\/div><\/div><div class=\"wpb_column vc_column_container col-sm-4 col-lg-4\"><div class=\"wpb_wrapper\">\t<div class=\"vc_btn3-container vc_btn3-inline\"><a class=\"vc_general vc_btn3 vc_btn3-size-md vc_btn3-shape-square vc_btn3-style-outline vc_btn3-color-white\" href=\"http:\/\/pereirabertozzi.com.br\/site\/pb\/services\/\" title=\"\" target=\"_self\">CONHE\u00c7A TODOS OS SERVI\u00c7OS<\/a><\/div><\/div><\/div><\/div><\/div><\/div><\/div><\/p>","protected":false},"excerpt":{"rendered":"<p>Desculpe-nos, mas este texto est\u00e1 apenas dispon\u00edvel em Ingl\u00eas Americano.<\/p>\n","protected":false},"author":1,"featured_media":0,"parent":0,"menu_order":0,"comment_status":"closed","ping_status":"closed","template":"","meta":[],"_links":{"self":[{"href":"https:\/\/pereirabertozzi.com.br\/site\/wp-json\/wp\/v2\/pages\/73816"}],"collection":[{"href":"https:\/\/pereirabertozzi.com.br\/site\/wp-json\/wp\/v2\/pages"}],"about":[{"href":"https:\/\/pereirabertozzi.com.br\/site\/wp-json\/wp\/v2\/types\/page"}],"author":[{"embeddable":true,"href":"https:\/\/pereirabertozzi.com.br\/site\/wp-json\/wp\/v2\/users\/1"}],"replies":[{"embeddable":true,"href":"https:\/\/pereirabertozzi.com.br\/site\/wp-json\/wp\/v2\/comments?post=73816"}],"version-history":[{"count":73,"href":"https:\/\/pereirabertozzi.com.br\/site\/wp-json\/wp\/v2\/pages\/73816\/revisions"}],"predecessor-version":[{"id":75283,"href":"https:\/\/pereirabertozzi.com.br\/site\/wp-json\/wp\/v2\/pages\/73816\/revisions\/75283"}],"wp:attachment":[{"href":"https:\/\/pereirabertozzi.com.br\/site\/wp-json\/wp\/v2\/media?parent=73816"}],"curies":[{"name":"wp","href":"https:\/\/api.w.org\/{rel}","templated":true}]}}